{"id":15,"date":"2019-04-07T11:30:58","date_gmt":"2019-04-07T11:30:58","guid":{"rendered":"http:\/\/alltagsbegleitung-hst.de\/?page_id=15"},"modified":"2020-05-03T07:03:09","modified_gmt":"2020-05-03T07:03:09","slug":"datenschutzerklaerung","status":"publish","type":"page","link":"http:\/\/alltagsbegleitung-hst.de\/?page_id=15","title":{"rendered":"Datenschutzerkl\u00e4rung"},"content":{"rendered":"\n<p>Verantwortlich im Sinne des Datenschutzgesetzes:<\/p>\n\n\n\n<p>Manuela Horn<br>Alltagsbegleitung <br>Am Hohen Graben 44<br>18445 Prohn<\/p>\n\n\n\n<p><strong>Datenschutz<\/strong><br>Als Webseitenbetreiber nehme ich den Schutz aller pers\u00f6nlichen Daten  sehr ernst. Alle personenbezogenen Informationen werden vertraulich und  gem\u00e4\u00df den gesetzlichen Vorschriften behandelt, wie in dieser  Datenschutzerkl\u00e4rung erl\u00e4utert. <br> Meine Webseite kann selbstverst\u00e4ndlich genutzt werden, ohne dass Sie  pers\u00f6nliche Daten angeben. Wenn jedoch zu irgendeinem Zeitpunkt  pers\u00f6nliche Daten wie z.B. Name, Adresse oder E-Mail abgefragt werden,  wird dies auf freiwilliger Basis geschehen. Niemals werden von mir  erhobene Daten ohne Ihre spezielle Genehmigung an Dritte weitergegeben. <br> Daten\u00fcbertragung im Internet, wie zum Beispiel \u00fcber E-Mail, kann immer  Sicherheitsl\u00fccken aufweisen. Der komplette Schutz der Daten ist im  Internet nicht m\u00f6glich. <\/p>\n\n\n\n<p><strong>Auskunft, L\u00f6schung, Sperrung<\/strong><br>Zu jedem Zeitpunkt k\u00f6nnen Sie sich \u00fcber die personenbezogenen Daten,  deren Herkunft und Empf\u00e4nger und den Nutzen der Datenverarbeitung  informieren und unentgeltlich eine Korrektur, Sperrung oder L\u00f6schung  dieser Daten verlangen. Bitte nutzen Sie daf\u00fcr die im Impressum  angegebenen Kontaktwege. F\u00fcr weitere Fragen zum Thema stehe ich Ihnen  ebenfalls jederzeit zur Verf\u00fcgung.<\/p>\n\n\n\n<p><strong>Cookies<\/strong><br>Viele Internetseiten verwenden Cookies. Cookies sind unsch\u00e4dlich f\u00fcr  Ihren Rechner und virenfrei. Sie dienen dazu, Internet-Angebote f\u00fcr die  Besucher einer Website freundlicher, effektiver und sicherer zu machen.  Cookies sind kleine Textdateien, die auf Ihrem Computer abgelegt werden  und die Ihr Browser verwendet. <br>Ich verwende in der Regel so genannte \u201eSession-Cookies\u201c. Diese werden  nach Verlassen meiner Seite automatisch gel\u00f6scht. Andere Cookies bleiben  auf Ihrem Computer gespeichert, bis Sie diese l\u00f6schen. Diese Cookies  helfen dabei, Ihren Rechner beim n\u00e4chsten Besuch wiederzuerkennen. <br>\u00dcber die Browsereinstellungen k\u00f6nnen sie festlegen, dass Sie \u00fcber neue  Cookies informiert werden und Cookies jeweils annehmen m\u00fcssen. Ebenso  k\u00f6nnen Sie die Annahme von Cookies f\u00fcr bestimmte F\u00e4lle oder generell  ausschlie\u00dfen oder das automatische L\u00f6schen der Cookies beim Schlie\u00dfen  des Browser aktivieren. Werden Cookies deaktiviert, kann die  Funktionalit\u00e4t meiner Website eingeschr\u00e4nkt sein.<\/p>\n\n\n\n<p><strong>\u00c4nderung der Datenschutzbestimmungen<\/strong><br>Meine Datenschutzerkl\u00e4rung kann in unregelm\u00e4\u00dfigen Abst\u00e4nden angepasst  werden, damit sie den aktuellen rechtlichen Anforderungen entsprechen  oder um \u00c4nderungen meiner Dienstleistungen umzusetzen, z. B. bei der  Einf\u00fcgung neuer Angebote. F\u00fcr Ihren n\u00e4chsten Besuch gilt dann  automatisch die neue Datenschutzerkl\u00e4rung.<\/p>\n\n\n\n<p><strong>Kontakt zum Datenschutzmitarbeiter<\/strong><br>F\u00fcr Fragen zum Datenschutz schicken Sie mir bitte eine Nachricht an  datenschutz@alltagsbegleitung-hst.de mit dem Betreff \u201eDatenschutz\u201c. <\/p>\n","protected":false},"excerpt":{"rendered":"<p>Verantwortlich im Sinne des Datenschutzgesetzes: Manuela HornAlltagsbegleitung Am Hohen Graben 4418445 Prohn DatenschutzAls Webseitenbetreiber nehme ich den Schutz aller pers\u00f6nlichen Daten sehr ernst. Alle personenbezogenen Informationen werden vertraulich und gem\u00e4\u00df den gesetzlichen Vorschriften behandelt, wie in dieser Datenschutzerkl\u00e4rung erl\u00e4utert. Meine Webseite kann selbstverst\u00e4ndlich genutzt werden, ohne dass Sie pers\u00f6nliche Daten angeben. Wenn jedoch zu irgendeinem &hellip; <\/p>\n<p class=\"link-more\"><a href=\"http:\/\/alltagsbegleitung-hst.de\/?page_id=15\" class=\"more-link\">Continue reading<span class=\"screen-reader-text\"> &#8222;Datenschutzerkl\u00e4rung&#8220;<\/span><\/a><\/p>\n","protected":false},"author":1,"featured_media":0,"parent":0,"menu_order":0,"comment_status":"closed","ping_status":"closed","template":"","meta":[],"_links":{"self":[{"href":"http:\/\/alltagsbegleitung-hst.de\/index.php?rest_route=\/wp\/v2\/pages\/15"}],"collection":[{"href":"http:\/\/alltagsbegleitung-hst.de\/index.php?rest_route=\/wp\/v2\/pages"}],"about":[{"href":"http:\/\/alltagsbegleitung-hst.de\/index.php?rest_route=\/wp\/v2\/types\/page"}],"author":[{"embeddable":true,"href":"http:\/\/alltagsbegleitung-hst.de\/index.php?rest_route=\/wp\/v2\/users\/1"}],"replies":[{"embeddable":true,"href":"http:\/\/alltagsbegleitung-hst.de\/index.php?rest_route=%2Fwp%2Fv2%2Fcomments&post=15"}],"version-history":[{"count":9,"href":"http:\/\/alltagsbegleitung-hst.de\/index.php?rest_route=\/wp\/v2\/pages\/15\/revisions"}],"predecessor-version":[{"id":305,"href":"http:\/\/alltagsbegleitung-hst.de\/index.php?rest_route=\/wp\/v2\/pages\/15\/revisions\/305"}],"wp:attachment":[{"href":"http:\/\/alltagsbegleitung-hst.de\/index.php?rest_route=%2Fwp%2Fv2%2Fmedia&parent=15"}],"curies":[{"name":"wp","href":"https:\/\/api.w.org\/{rel}","templated":true}]}}