{"id":29,"date":"2019-04-07T11:32:43","date_gmt":"2019-04-07T11:32:43","guid":{"rendered":"http:\/\/alltagsbegleitung-hst.de\/?page_id=29"},"modified":"2024-10-02T06:54:37","modified_gmt":"2024-10-02T06:54:37","slug":"angebot","status":"publish","type":"page","link":"http:\/\/alltagsbegleitung-hst.de\/?page_id=29","title":{"rendered":"Angebot"},"content":{"rendered":"\n<p>Alltagsbegleiter nach \u00a7 45b SGB XI sind v. a. f\u00fcr die Begleitung und Betreuung von \u00e4lteren und gerontopsychiatrisch ver\u00e4nderten Menschen (z. B. Menschen mit Demenz), sowie Kinder und Jugendliche mit Handicap ausgebildet.  Zu meinen Aufgaben geh\u00f6ren zum Beispiel:<\/p>\n\n\n\n<figure class=\"wp-block-image is-resized\"><img loading=\"lazy\" src=\"http:\/\/alltagsbegleitung-hst.de\/wp-content\/uploads\/2019\/05\/book-1421097__480-e1556730522247.jpg\" alt=\"\" class=\"wp-image-126\" width=\"756\" height=\"189\" srcset=\"http:\/\/alltagsbegleitung-hst.de\/wp-content\/uploads\/2019\/05\/book-1421097__480-e1556730522247.jpg 717w, http:\/\/alltagsbegleitung-hst.de\/wp-content\/uploads\/2019\/05\/book-1421097__480-e1556730522247-300x75.jpg 300w\" sizes=\"(max-width: 756px) 100vw, 756px\" \/><\/figure>\n\n\n\n<ul>\n<li><span style=\"color: #666666\">Gestaltung des Tagesablaufs<\/span><\/li>\n<li><span style=\"color: #666666\">Entlastung der pflegenden Angeh\u00f6rigen<\/span><\/li>\n<li><span style=\"color: #666666\">Spazierg\u00e4nge und Ausfl\u00fcge<\/span><\/li>\n<li><span style=\"color: #666666\">Begleitung bei Eink\u00e4ufen\/Freizeitaktivit\u00e4ten<\/span><\/li>\n<li><span style=\"color: #666666\">Besuch von kulturellen Veranstaltungen, Sportveranstaltungen und Friedh\u00f6fen<\/span><\/li>\n<li><span style=\"color: #666666\">Betreuung von Menschen mit Demenz<\/span><\/li>\n<li><span style=\"color: #666666\">Begleitung zum Arzt<\/span><\/li>\n<li><span style=\"color: #666666\">Besch\u00e4ftigungsangebote wie gemeinsames Spielen, Lesen, Malen etc.<\/span><\/li>\n<li><span style=\"color: #666666\">Kochen und Backen<\/span><\/li>\n<li><span style=\"color: #666666\">Erinnerungen hervorholen<\/span><\/li>\n<li><span style=\"color: #666666\">Musik h\u00f6ren<\/span><\/li>\n<li><span style=\"color: #666666\">Brett- und Kartenspiele<\/span><\/li>\n<li><span style=\"color: #666666\">Bewegungs\u00fcbungen<\/span><\/li>\n<li><span style=\"color: #666666\">Lesen und Vorlesen<\/span><\/li>\n<li><span style=\"color: #666666\">Unterst\u00fctzung beim Beantragen von einem Pflegegrad<\/span> \n<ul>\n<li><span style=\"color: #666666\">Vorsorgevollmacht<\/span><\/li>\n<li><span style=\"color: #666666\">Patientenverf\u00fcgung<\/span><\/li>\n<li><span style=\"color: #666666\">Zuzahlungsbefreiung<\/span><\/li>\n<\/ul>\n<\/li>\n<li><span style=\"color: #666666\">Geburtstage vorbereiten<\/span><\/li>\n<li><span style=\"color: #666666\">Abwesenheitsbetreuung<\/span><\/li>\n<li><span style=\"color: #666666\">das Reinigen der Wohnung<\/span><\/li>\n<li><span style=\"color: #666666\">Reinigen der Fenster nur in der Wohnung<\/span><\/li>\n<li><span style=\"color: #666666\">das Abnehmen\/Waschen\/Aufh\u00e4ngen von Gardinen<\/span><\/li>\n<li><span style=\"color: #666666\">die Reinigung des Treppenhauses<\/span><\/li>\n<\/ul>\n\n\n\n<p><\/p>\n\n\n\n<p><\/p>\n","protected":false},"excerpt":{"rendered":"<p>Alltagsbegleiter nach \u00a7 45b SGB XI sind v. a. f\u00fcr die Begleitung und Betreuung von \u00e4lteren und gerontopsychiatrisch ver\u00e4nderten Menschen (z. B. Menschen mit Demenz), sowie Kinder und Jugendliche mit Handicap ausgebildet. Zu meinen Aufgaben geh\u00f6ren zum Beispiel: Gestaltung des Tagesablaufs Entlastung der pflegenden Angeh\u00f6rigen Spazierg\u00e4nge und Ausfl\u00fcge Begleitung bei Eink\u00e4ufen\/Freizeitaktivit\u00e4ten Besuch von kulturellen Veranstaltungen, &hellip; <\/p>\n<p class=\"link-more\"><a href=\"http:\/\/alltagsbegleitung-hst.de\/?page_id=29\" class=\"more-link\">Continue reading<span class=\"screen-reader-text\"> &#8222;Angebot&#8220;<\/span><\/a><\/p>\n","protected":false},"author":1,"featured_media":0,"parent":0,"menu_order":0,"comment_status":"closed","ping_status":"closed","template":"template-home.php","meta":[],"_links":{"self":[{"href":"http:\/\/alltagsbegleitung-hst.de\/index.php?rest_route=\/wp\/v2\/pages\/29"}],"collection":[{"href":"http:\/\/alltagsbegleitung-hst.de\/index.php?rest_route=\/wp\/v2\/pages"}],"about":[{"href":"http:\/\/alltagsbegleitung-hst.de\/index.php?rest_route=\/wp\/v2\/types\/page"}],"author":[{"embeddable":true,"href":"http:\/\/alltagsbegleitung-hst.de\/index.php?rest_route=\/wp\/v2\/users\/1"}],"replies":[{"embeddable":true,"href":"http:\/\/alltagsbegleitung-hst.de\/index.php?rest_route=%2Fwp%2Fv2%2Fcomments&post=29"}],"version-history":[{"count":39,"href":"http:\/\/alltagsbegleitung-hst.de\/index.php?rest_route=\/wp\/v2\/pages\/29\/revisions"}],"predecessor-version":[{"id":374,"href":"http:\/\/alltagsbegleitung-hst.de\/index.php?rest_route=\/wp\/v2\/pages\/29\/revisions\/374"}],"wp:attachment":[{"href":"http:\/\/alltagsbegleitung-hst.de\/index.php?rest_route=%2Fwp%2Fv2%2Fmedia&parent=29"}],"curies":[{"name":"wp","href":"https:\/\/api.w.org\/{rel}","templated":true}]}}