{"id":320,"date":"2022-03-10T20:58:53","date_gmt":"2022-03-10T20:58:53","guid":{"rendered":"http:\/\/alltagsbegleitung-hst.de\/?page_id=320"},"modified":"2026-04-29T09:50:28","modified_gmt":"2026-04-29T09:50:28","slug":"gesucht","status":"publish","type":"page","link":"http:\/\/alltagsbegleitung-hst.de\/?page_id=320","title":{"rendered":"Team on Tour"},"content":{"rendered":"\n<div class=\"wp-block-media-text alignwide is-stacked-on-mobile\" style=\"grid-template-columns:48% auto\"><figure class=\"wp-block-media-text__media\"><img loading=\"lazy\" width=\"519\" height=\"519\" src=\"http:\/\/alltagsbegleitung-hst.de\/wp-content\/uploads\/2024\/04\/IMG-20240423-WA0022.jpg\" alt=\"\" class=\"wp-image-346 size-full\" srcset=\"http:\/\/alltagsbegleitung-hst.de\/wp-content\/uploads\/2024\/04\/IMG-20240423-WA0022.jpg 519w, http:\/\/alltagsbegleitung-hst.de\/wp-content\/uploads\/2024\/04\/IMG-20240423-WA0022-300x300.jpg 300w, http:\/\/alltagsbegleitung-hst.de\/wp-content\/uploads\/2024\/04\/IMG-20240423-WA0022-150x150.jpg 150w\" sizes=\"(max-width: 519px) 100vw, 519px\" \/><\/figure><div class=\"wp-block-media-text__content\">\n<p>Wir alle haben eine Ausbildung\/Schulung im Gesundheitswesen. Wir kennen uns im Umgang mit Menschen aus.<\/p>\n\n\n\n<p>Respekt, Toleranz, Freundlichkeit, Empathie, Ehrlichkeit und vieles mehr, geh\u00f6ren selbstverst\u00e4ndlich zu unserer Pers\u00f6nlichkeit. Wir gestalten ihren Alltag nach ihren W\u00fcnschen, ganz individuell. <\/p>\n\n\n\n<p><strong>Mal ganz ehrlich? Man kann uns nur gern haben!<\/strong><\/p>\n<\/div><\/div>\n\n\n\n<div class=\"wp-container-3 wp-block-columns\">\n<div class=\"wp-container-1 wp-block-column\">\n<figure class=\"wp-block-image size-large\"><img loading=\"lazy\" width=\"768\" height=\"1024\" src=\"http:\/\/alltagsbegleitung-hst.de\/wp-content\/uploads\/2025\/06\/IMG-20250624-WA0004-768x1024.jpg\" alt=\"\" class=\"wp-image-386\" srcset=\"http:\/\/alltagsbegleitung-hst.de\/wp-content\/uploads\/2025\/06\/IMG-20250624-WA0004-768x1023.jpg 768w, http:\/\/alltagsbegleitung-hst.de\/wp-content\/uploads\/2025\/06\/IMG-20250624-WA0004-225x300.jpg 225w, http:\/\/alltagsbegleitung-hst.de\/wp-content\/uploads\/2025\/06\/IMG-20250624-WA0004-1153x1536.jpg 1153w, http:\/\/alltagsbegleitung-hst.de\/wp-content\/uploads\/2025\/06\/IMG-20250624-WA0004-901x1200.jpg 901w, http:\/\/alltagsbegleitung-hst.de\/wp-content\/uploads\/2025\/06\/IMG-20250624-WA0004.jpg 1200w\" sizes=\"(max-width: 768px) 100vw, 768px\" \/><figcaption>                            <strong>Mareike Horn<\/strong><\/figcaption><\/figure>\n<\/div>\n\n\n\n<div class=\"wp-container-2 wp-block-column\">\n<figure class=\"wp-block-image size-large\"><img loading=\"lazy\" width=\"768\" height=\"1024\" src=\"http:\/\/alltagsbegleitung-hst.de\/wp-content\/uploads\/2024\/04\/20240423_160153-768x1024.jpg\" alt=\"\" class=\"wp-image-345\" srcset=\"http:\/\/alltagsbegleitung-hst.de\/wp-content\/uploads\/2024\/04\/20240423_160153-768x1024.jpg 768w, http:\/\/alltagsbegleitung-hst.de\/wp-content\/uploads\/2024\/04\/20240423_160153-225x300.jpg 225w, http:\/\/alltagsbegleitung-hst.de\/wp-content\/uploads\/2024\/04\/20240423_160153-1152x1536.jpg 1152w, http:\/\/alltagsbegleitung-hst.de\/wp-content\/uploads\/2024\/04\/20240423_160153-1536x2048.jpg 1536w, http:\/\/alltagsbegleitung-hst.de\/wp-content\/uploads\/2024\/04\/20240423_160153-900x1200.jpg 900w, http:\/\/alltagsbegleitung-hst.de\/wp-content\/uploads\/2024\/04\/20240423_160153-scaled.jpg 1920w\" sizes=\"(max-width: 768px) 100vw, 768px\" \/><figcaption>                           <strong>Maria Grikowski<\/strong><\/figcaption><\/figure>\n<\/div>\n<\/div>\n\n\n\n<div class=\"wp-container-6 wp-block-columns\">\n<div class=\"wp-container-4 wp-block-column\"><\/div>\n\n\n\n<div class=\"wp-container-5 wp-block-column\"><\/div>\n<\/div>\n\n\n\n<div class=\"wp-container-9 wp-block-columns\">\n<div class=\"wp-container-7 wp-block-column\">\n<figure class=\"wp-block-image size-large\"><img loading=\"lazy\" width=\"768\" height=\"1024\" src=\"http:\/\/alltagsbegleitung-hst.de\/wp-content\/uploads\/2025\/05\/20250429_150615-768x1024.jpg\" alt=\"\" class=\"wp-image-382\" srcset=\"http:\/\/alltagsbegleitung-hst.de\/wp-content\/uploads\/2025\/05\/20250429_150615-768x1024.jpg 768w, http:\/\/alltagsbegleitung-hst.de\/wp-content\/uploads\/2025\/05\/20250429_150615-225x300.jpg 225w, http:\/\/alltagsbegleitung-hst.de\/wp-content\/uploads\/2025\/05\/20250429_150615-1152x1536.jpg 1152w, http:\/\/alltagsbegleitung-hst.de\/wp-content\/uploads\/2025\/05\/20250429_150615-1536x2048.jpg 1536w, http:\/\/alltagsbegleitung-hst.de\/wp-content\/uploads\/2025\/05\/20250429_150615-900x1200.jpg 900w, http:\/\/alltagsbegleitung-hst.de\/wp-content\/uploads\/2025\/05\/20250429_150615-scaled.jpg 1920w\" sizes=\"(max-width: 768px) 100vw, 768px\" \/><figcaption>                            <strong>Kathi Wenzel<\/strong><\/figcaption><\/figure>\n<\/div>\n\n\n\n<div class=\"wp-container-8 wp-block-column\">\n<figure class=\"wp-block-image size-large\"><img loading=\"lazy\" width=\"768\" height=\"1024\" src=\"http:\/\/alltagsbegleitung-hst.de\/wp-content\/uploads\/2025\/06\/20250624_105528-768x1024.jpg\" alt=\"\" class=\"wp-image-385\" srcset=\"http:\/\/alltagsbegleitung-hst.de\/wp-content\/uploads\/2025\/06\/20250624_105528-768x1024.jpg 768w, http:\/\/alltagsbegleitung-hst.de\/wp-content\/uploads\/2025\/06\/20250624_105528-225x300.jpg 225w, http:\/\/alltagsbegleitung-hst.de\/wp-content\/uploads\/2025\/06\/20250624_105528-1152x1536.jpg 1152w, http:\/\/alltagsbegleitung-hst.de\/wp-content\/uploads\/2025\/06\/20250624_105528-1536x2048.jpg 1536w, http:\/\/alltagsbegleitung-hst.de\/wp-content\/uploads\/2025\/06\/20250624_105528-900x1200.jpg 900w, http:\/\/alltagsbegleitung-hst.de\/wp-content\/uploads\/2025\/06\/20250624_105528-scaled.jpg 1920w\" sizes=\"(max-width: 768px) 100vw, 768px\" \/><figcaption>                            <strong>Andreas Kopp<\/strong><\/figcaption><\/figure>\n<\/div>\n<\/div>\n\n\n\n<div class=\"wp-container-12 wp-block-columns\">\n<div class=\"wp-container-10 wp-block-column\"><\/div>\n\n\n\n<div class=\"wp-container-11 wp-block-column\"><\/div>\n<\/div>\n","protected":false},"excerpt":{"rendered":"<p>Wir alle haben eine Ausbildung\/Schulung im Gesundheitswesen. Wir kennen uns im Umgang mit Menschen aus. Respekt, Toleranz, Freundlichkeit, Empathie, Ehrlichkeit und vieles mehr, geh\u00f6ren selbstverst\u00e4ndlich zu unserer Pers\u00f6nlichkeit. Wir gestalten ihren Alltag nach ihren W\u00fcnschen, ganz individuell. Mal ganz ehrlich? Man kann uns nur gern haben!<\/p>\n","protected":false},"author":1,"featured_media":0,"parent":0,"menu_order":0,"comment_status":"closed","ping_status":"closed","template":"","meta":[],"_links":{"self":[{"href":"http:\/\/alltagsbegleitung-hst.de\/index.php?rest_route=\/wp\/v2\/pages\/320"}],"collection":[{"href":"http:\/\/alltagsbegleitung-hst.de\/index.php?rest_route=\/wp\/v2\/pages"}],"about":[{"href":"http:\/\/alltagsbegleitung-hst.de\/index.php?rest_route=\/wp\/v2\/types\/page"}],"author":[{"embeddable":true,"href":"http:\/\/alltagsbegleitung-hst.de\/index.php?rest_route=\/wp\/v2\/users\/1"}],"replies":[{"embeddable":true,"href":"http:\/\/alltagsbegleitung-hst.de\/index.php?rest_route=%2Fwp%2Fv2%2Fcomments&post=320"}],"version-history":[{"count":43,"href":"http:\/\/alltagsbegleitung-hst.de\/index.php?rest_route=\/wp\/v2\/pages\/320\/revisions"}],"predecessor-version":[{"id":428,"href":"http:\/\/alltagsbegleitung-hst.de\/index.php?rest_route=\/wp\/v2\/pages\/320\/revisions\/428"}],"wp:attachment":[{"href":"http:\/\/alltagsbegleitung-hst.de\/index.php?rest_route=%2Fwp%2Fv2%2Fmedia&parent=320"}],"curies":[{"name":"wp","href":"https:\/\/api.w.org\/{rel}","templated":true}]}}